{"id":34,"date":"2018-07-17T14:48:24","date_gmt":"2018-07-17T12:48:24","guid":{"rendered":"http:\/\/obec-kouty.kubrdom.cz\/subdom\/obec-kouty\/?page_id=34"},"modified":"2018-11-05T23:00:10","modified_gmt":"2018-11-05T22:00:10","slug":"o-nasi-obci","status":"publish","type":"page","link":"https:\/\/obec-kouty.kubrdom.cz\/subdom\/obec-kouty\/o-nasi-obci\/","title":{"rendered":"O na\u0161\u00ed obci"},"content":{"rendered":"<div>\n<div>Prvn\u00ed p\u00edsemn\u00e1 zpr\u00e1va poch\u00e1z\u00ed z roku 1345. Obec se nach\u00e1z\u00ed v nadmo\u0159sk\u00e9<br \/>\nv\u00fd\u0161ce 190 metr\u016f. Na jej\u00edm \u00fazem\u00ed \u017eije 320 obyvatel.<br \/>\nNedaleko obce se nach\u00e1zel rybn\u00edk Blato, t\u00e9\u017e naz\u00fdvan\u00fd Blatensk\u00e9<br \/>\njezero.\u00a0V\u00edce se o n\u011bm, jeho historii, \u00a0jeho poloze i rozloze a dal\u0161\u00ed<br \/>\nzaj\u00edmav\u00e9 podrobnosti m\u016f\u017eete dozv\u011bd\u011bt kliknut\u00edm na n\u00e1sleduj\u00edc\u00ed odkaz:<br \/>\nhttp:\/\/kessa.zenfolio.com\/blog\/2016\/1\/rybn-k-blato-u-pod-brad<\/div>\n<div><\/div>\n<\/div>\n<div><span style=\"color: #1b59d3; font-family: Arial;\"><b><a href=\"http:\/\/kessa.zenfolio.com\/blog\/2016\/1\/rybn-k-blato-u-pod-brad\" target=\"_blank\" rel=\"noopener\">http:\/\/kessa.zenfolio.com\/blog\/2016\/1\/rybn-k-blato-u-pod-brad<\/a><\/b><\/span><\/div>\n","protected":false},"excerpt":{"rendered":"<p>Prvn\u00ed p\u00edsemn\u00e1 zpr\u00e1va poch\u00e1z\u00ed z roku 1345. Obec se nach\u00e1z\u00ed v nadmo\u0159sk\u00e9 v\u00fd\u0161ce 190 metr\u016f. Na jej\u00edm \u00fazem\u00ed \u017eije 320 obyvatel. Nedaleko obce se nach\u00e1zel rybn\u00edk Blato, t\u00e9\u017e naz\u00fdvan\u00fd Blatensk\u00e9 jezero.\u00a0V\u00edce se o n\u011bm, jeho historii, \u00a0jeho poloze i rozloze a dal\u0161\u00ed zaj\u00edmav\u00e9 podrobnosti m\u016f\u017eete dozv\u011bd\u011bt kliknut\u00edm na n\u00e1sleduj\u00edc\u00ed odkaz: http:\/\/kessa.zenfolio.com\/blog\/2016\/1\/rybn-k-blato-u-pod-brad http:\/\/kessa.zenfolio.com\/blog\/2016\/1\/rybn-k-blato-u-pod-brad<\/p>\n","protected":false},"author":1,"featured_media":0,"parent":0,"menu_order":0,"comment_status":"closed","ping_status":"closed","template":"","meta":[],"_links":{"self":[{"href":"https:\/\/obec-kouty.kubrdom.cz\/subdom\/obec-kouty\/wp-json\/wp\/v2\/pages\/34"}],"collection":[{"href":"https:\/\/obec-kouty.kubrdom.cz\/subdom\/obec-kouty\/wp-json\/wp\/v2\/pages"}],"about":[{"href":"https:\/\/obec-kouty.kubrdom.cz\/subdom\/obec-kouty\/wp-json\/wp\/v2\/types\/page"}],"author":[{"embeddable":true,"href":"https:\/\/obec-kouty.kubrdom.cz\/subdom\/obec-kouty\/wp-json\/wp\/v2\/users\/1"}],"replies":[{"embeddable":true,"href":"https:\/\/obec-kouty.kubrdom.cz\/subdom\/obec-kouty\/wp-json\/wp\/v2\/comments?post=34"}],"version-history":[{"count":3,"href":"https:\/\/obec-kouty.kubrdom.cz\/subdom\/obec-kouty\/wp-json\/wp\/v2\/pages\/34\/revisions"}],"predecessor-version":[{"id":115,"href":"https:\/\/obec-kouty.kubrdom.cz\/subdom\/obec-kouty\/wp-json\/wp\/v2\/pages\/34\/revisions\/115"}],"wp:attachment":[{"href":"https:\/\/obec-kouty.kubrdom.cz\/subdom\/obec-kouty\/wp-json\/wp\/v2\/media?parent=34"}],"curies":[{"name":"wp","href":"https:\/\/api.w.org\/{rel}","templated":true}]}}