{"id":33,"date":"2018-07-17T14:48:24","date_gmt":"2018-07-17T12:48:24","guid":{"rendered":"http:\/\/obec-kouty.kubrdom.cz\/subdom\/obec-kouty\/?page_id=33"},"modified":"2022-11-08T10:34:14","modified_gmt":"2022-11-08T09:34:14","slug":"povinne-informace","status":"publish","type":"page","link":"https:\/\/obec-kouty.kubrdom.cz\/subdom\/obec-kouty\/povinne-informace\/","title":{"rendered":"Povinn\u00e9 informace"},"content":{"rendered":"<p>I\u010cO: 00\u00a0640\u00a0662<br \/>ID ISDS: 6n6bnqg<br \/>K\u00f3d obce: 534943<br \/>Adresa: Kouty \u010d.p.50, 29001 Pod\u011bbrady<br \/>Telefon:\u00a0325 652 049<br \/>email: urad@obec-kouty.cz<\/p>\n<p>Starosta: Martin Pelichovsk\u00fd<br \/>M\u00edstostarostka: Ing. Helena Ryb\u00e1\u0159ov\u00e1<\/p>\n<p>Otev\u00edrac\u00ed doba:<br \/>Pond\u011bl\u00ed a st\u0159eda: 9:00 \u2013 12:00 a 14:00 \u2013 17:00 hodin<\/p>\n<p>Ka\u017ed\u00e1 prvn\u00ed sobota v m\u011bs\u00edci od 8:00 do 11:00 pouze starosta<br \/>Facebook &#8211; <a href=\"https:\/\/www.facebook.com\/koutyobec\">www.facebook.com\/koutyobec<\/a><\/p>\n<p>\u010d. bankovn\u00edho \u00fa\u010dtu: 32823191\/0100<\/p>\n\n\n<p><\/p>\n","protected":false},"excerpt":{"rendered":"<p>I\u010cO: 00\u00a0640\u00a0662ID ISDS: 6n6bnqgK\u00f3d obce: 534943Adresa: Kouty \u010d.p.50, 29001 Pod\u011bbradyTelefon:\u00a0325 652 049email: urad@obec-kouty.cz Starosta: Martin Pelichovsk\u00fdM\u00edstostarostka: Ing. Helena Ryb\u00e1\u0159ov\u00e1 Otev\u00edrac\u00ed doba:Pond\u011bl\u00ed a st\u0159eda: 9:00 \u2013 12:00 a 14:00 \u2013 17:00 hodin Ka\u017ed\u00e1 prvn\u00ed sobota v m\u011bs\u00edci od 8:00 do 11:00 pouze starostaFacebook &#8211; www.facebook.com\/koutyobec \u010d. bankovn\u00edho \u00fa\u010dtu: 32823191\/0100<\/p>\n","protected":false},"author":1,"featured_media":0,"parent":0,"menu_order":0,"comment_status":"closed","ping_status":"closed","template":"","meta":[],"_links":{"self":[{"href":"https:\/\/obec-kouty.kubrdom.cz\/subdom\/obec-kouty\/wp-json\/wp\/v2\/pages\/33"}],"collection":[{"href":"https:\/\/obec-kouty.kubrdom.cz\/subdom\/obec-kouty\/wp-json\/wp\/v2\/pages"}],"about":[{"href":"https:\/\/obec-kouty.kubrdom.cz\/subdom\/obec-kouty\/wp-json\/wp\/v2\/types\/page"}],"author":[{"embeddable":true,"href":"https:\/\/obec-kouty.kubrdom.cz\/subdom\/obec-kouty\/wp-json\/wp\/v2\/users\/1"}],"replies":[{"embeddable":true,"href":"https:\/\/obec-kouty.kubrdom.cz\/subdom\/obec-kouty\/wp-json\/wp\/v2\/comments?post=33"}],"version-history":[{"count":9,"href":"https:\/\/obec-kouty.kubrdom.cz\/subdom\/obec-kouty\/wp-json\/wp\/v2\/pages\/33\/revisions"}],"predecessor-version":[{"id":457,"href":"https:\/\/obec-kouty.kubrdom.cz\/subdom\/obec-kouty\/wp-json\/wp\/v2\/pages\/33\/revisions\/457"}],"wp:attachment":[{"href":"https:\/\/obec-kouty.kubrdom.cz\/subdom\/obec-kouty\/wp-json\/wp\/v2\/media?parent=33"}],"curies":[{"name":"wp","href":"https:\/\/api.w.org\/{rel}","templated":true}]}}